{"id":3901,"date":"2025-12-22T17:37:49","date_gmt":"2025-12-22T17:37:49","guid":{"rendered":"https:\/\/buen.surf\/?page_id=3901"},"modified":"2026-04-13T18:17:26","modified_gmt":"2026-04-13T18:17:26","slug":"politica-de-compras-y-cancelaciones","status":"publish","type":"page","link":"https:\/\/buen.surf\/es\/politica-de-compras-y-cancelaciones","title":{"rendered":"Politica de Compras y Cancelaciones"},"content":{"rendered":"<div data-elementor-type=\"wp-page\" data-elementor-id=\"3901\" class=\"elementor elementor-3901\" data-elementor-post-type=\"page\">\n\t\t\t\t<div class=\"elementor-element elementor-element-2d9b3fd e-flex e-con-boxed e-con e-parent\" data-id=\"2d9b3fd\" data-element_type=\"container\" data-settings=\"{&quot;background_background&quot;:&quot;video&quot;,&quot;background_video_link&quot;:&quot;https:\\\/\\\/www.youtube.com\\\/watch?v=qx52EoNUllI&amp;t=199s&quot;,&quot;background_video_start&quot;:10,&quot;background_play_on_mobile&quot;:&quot;yes&quot;,&quot;background_privacy_mode&quot;:&quot;yes&quot;,&quot;shape_divider_bottom&quot;:&quot;waves&quot;}\">\n\t\t\t\t\t<div class=\"e-con-inner\">\n\t\t<div class=\"elementor-background-video-container\" aria-hidden=\"true\">\n\t\t\t\t\t\t\t<div class=\"elementor-background-video-embed\"><\/div>\n\t\t\t\t\t\t<\/div>\t\t<div class=\"elementor-shape elementor-shape-bottom\" aria-hidden=\"true\" data-negative=\"false\">\n\t\t\t<svg xmlns=\"http:\/\/www.w3.org\/2000\/svg\" viewbox=\"0 0 1000 100\" preserveaspectratio=\"none\">\n\t<path class=\"elementor-shape-fill\" d=\"M421.9,6.5c22.6-2.5,51.5,0.4,75.5,5.3c23.6,4.9,70.9,23.5,100.5,35.7c75.8,32.2,133.7,44.5,192.6,49.7\tc23.6,2.1,48.7,3.5,103.4-2.5c54.7-6,106.2-25.6,106.2-25.6V0H0v30.3c0,0,72,32.6,158.4,30.5c39.2-0.7,92.8-6.7,134-22.4\tc21.2-8.1,52.2-18.2,79.7-24.2C399.3,7.9,411.6,7.5,421.9,6.5z\"\/>\n<\/svg>\t\t<\/div>\n\t\t<div class=\"elementor-element elementor-element-3ee2914a e-con-full e-flex e-con e-child\" data-id=\"3ee2914a\" data-element_type=\"container\">\n\t\t\t\t<div class=\"elementor-element elementor-element-67bfda33 elementor-invisible elementor-widget elementor-widget-image\" data-id=\"67bfda33\" data-element_type=\"widget\" data-settings=\"{&quot;motion_fx_motion_fx_mouse&quot;:&quot;yes&quot;,&quot;motion_fx_tilt_effect&quot;:&quot;yes&quot;,&quot;motion_fx_tilt_speed&quot;:{&quot;unit&quot;:&quot;px&quot;,&quot;size&quot;:8,&quot;sizes&quot;:[]},&quot;_animation&quot;:&quot;bounceIn&quot;}\" data-widget_type=\"image.default\">\n\t\t\t\t<div class=\"elementor-widget-container\">\n\t\t\t\t\t\t\t\t\t\t\t\t\t\t\t<img fetchpriority=\"high\" decoding=\"async\" width=\"501\" height=\"319\" src=\"https:\/\/buen.surf\/wp-content\/uploads\/2022\/06\/BUEN-SURF-1-e1749480951992.png\" class=\"attachment-large size-large wp-image-120\" alt=\"\" srcset=\"https:\/\/buen.surf\/wp-content\/uploads\/2022\/06\/BUEN-SURF-1-e1749480951992.png 501w, https:\/\/buen.surf\/wp-content\/uploads\/2022\/06\/BUEN-SURF-1-e1749480951992-300x191.png 300w, https:\/\/buen.surf\/wp-content\/uploads\/2022\/06\/BUEN-SURF-1-e1749480951992-18x12.png 18w\" sizes=\"(max-width: 501px) 100vw, 501px\" \/>\t\t\t\t\t\t\t\t\t\t\t\t\t\t\t<\/div>\n\t\t\t\t<\/div>\n\t\t\t\t<div class=\"elementor-element elementor-element-20297df6 elementor-invisible elementor-widget elementor-widget-heading\" data-id=\"20297df6\" data-element_type=\"widget\" data-settings=\"{&quot;_animation&quot;:&quot;bounceIn&quot;,&quot;_animation_mobile&quot;:&quot;none&quot;}\" data-widget_type=\"heading.default\">\n\t\t\t\t<div class=\"elementor-widget-container\">\n\t\t\t\t\t<h2 class=\"elementor-heading-title elementor-size-default\">Pol\u00edtica de Compras  y Cancelaciones<\/h2>\t\t\t\t<\/div>\n\t\t\t\t<\/div>\n\t\t\t\t<\/div>\n\t\t\t\t\t<\/div>\n\t\t\t\t<\/div>\n\t\t<div class=\"elementor-element elementor-element-62855567 e-flex e-con-boxed elementor-invisible e-con e-parent\" data-id=\"62855567\" data-element_type=\"container\" data-settings=\"{&quot;animation&quot;:&quot;slideInLeft&quot;}\">\n\t\t\t\t\t<div class=\"e-con-inner\">\n\t\t<div class=\"elementor-element elementor-element-2df2fbdd e-con-full e-flex e-con e-child\" data-id=\"2df2fbdd\" data-element_type=\"container\">\n\t\t\t\t<div class=\"elementor-element elementor-element-4c31ac21 elementor-widget__width-initial elementor-invisible elementor-widget elementor-widget-heading\" data-id=\"4c31ac21\" data-element_type=\"widget\" data-settings=\"{&quot;_animation&quot;:&quot;bounceIn&quot;,&quot;_animation_mobile&quot;:&quot;none&quot;}\" data-widget_type=\"heading.default\">\n\t\t\t\t<div class=\"elementor-widget-container\">\n\t\t\t\t\t<h2 class=\"elementor-heading-title elementor-size-default\">Pol\u00edTica de ComPRas y cancelaciones<\/h2>\t\t\t\t<\/div>\n\t\t\t\t<\/div>\n\t\t\t\t<div class=\"elementor-element elementor-element-31b03edb elementor-widget__width-initial elementor-invisible elementor-widget elementor-widget-heading\" data-id=\"31b03edb\" data-element_type=\"widget\" data-settings=\"{&quot;_animation&quot;:&quot;bounceIn&quot;,&quot;_animation_mobile&quot;:&quot;none&quot;}\" data-widget_type=\"heading.default\">\n\t\t\t\t<div class=\"elementor-widget-container\">\n\t\t\t\t\t<h2 class=\"elementor-heading-title elementor-size-default\">BUEN SURF SCHOOL<\/h2>\t\t\t\t<\/div>\n\t\t\t\t<\/div>\n\t\t\t\t<div class=\"elementor-element elementor-element-11ff5e60 elementor-widget__width-initial elementor-widget elementor-widget-text-editor\" data-id=\"11ff5e60\" data-element_type=\"widget\" data-widget_type=\"text-editor.default\">\n\t\t\t\t<div class=\"elementor-widget-container\">\n\t\t\t\t\t\t\t\t\t<p>Antes de realizar su reserva, le informamos que la escuela no realiza devoluciones bajo ning\u00fan concepto.<br \/>En caso de que la clase no pueda llevarse a cabo por condiciones del mar peligrosas y la escuela decida cancelarla por seguridad, se emitir\u00e1 un bono con una caducidad de un a\u00f1o para canjearlo por otra clase, seg\u00fan disponibilidad.<br \/><br \/>Al realizar la compra, el cliente acepta esta pol\u00edtica.<br \/><br \/>\u00a1Gracias por su comprensi\u00f3n y confianza!<\/p><p>&#8212;<\/p><p><strong>Purchase and Cancellation Policy<\/strong><br \/><br \/>Before making your reservation, please note that the school does not offer refunds under any circumstances.<br \/><br \/>If the class cannot be held due to dangerous sea conditions and the school decides to cancel it for safety reasons, a voucher will be issued, valid for one year, which can be exchanged for another class, subject to availability.<br \/><br \/>By making a purchase, the customer accepts this policy.<br \/><br \/>Thank you for your understanding and trust!<br \/><br \/><\/p>\t\t\t\t\t\t\t\t<\/div>\n\t\t\t\t<\/div>\n\t\t\t\t<\/div>\n\t\t\t\t\t<\/div>\n\t\t\t\t<\/div>\n\t\t<div class=\"elementor-element elementor-element-206f0a97 e-flex e-con-boxed e-con e-parent\" data-id=\"206f0a97\" data-element_type=\"container\" data-settings=\"{&quot;background_background&quot;:&quot;classic&quot;}\">\n\t\t\t\t\t<div class=\"e-con-inner\">\n\t\t<div class=\"elementor-element elementor-element-1ab7be5f e-flex e-con-boxed e-con e-child\" data-id=\"1ab7be5f\" data-element_type=\"container\">\n\t\t\t\t\t<div class=\"e-con-inner\">\n\t\t\t\t<div class=\"elementor-element elementor-element-24206ac9 animated-slow elementor-invisible elementor-widget elementor-widget-heading\" data-id=\"24206ac9\" data-element_type=\"widget\" data-settings=\"{&quot;_animation&quot;:&quot;slideInUp&quot;}\" data-widget_type=\"heading.default\">\n\t\t\t\t<div class=\"elementor-widget-container\">\n\t\t\t\t\t<h2 class=\"elementor-heading-title elementor-size-default\">\u00a1Nos encantar\u00eda saber de ti!<\/h2>\t\t\t\t<\/div>\n\t\t\t\t<\/div>\n\t\t\t\t<div class=\"elementor-element elementor-element-5156614e animated-slow elementor-invisible elementor-widget elementor-widget-heading\" data-id=\"5156614e\" data-element_type=\"widget\" data-settings=\"{&quot;_animation&quot;:&quot;slideInUp&quot;}\" data-widget_type=\"heading.default\">\n\t\t\t\t<div class=\"elementor-widget-container\">\n\t\t\t\t\t<h2 class=\"elementor-heading-title elementor-size-default\">Cont\u00e1ctanos<\/h2>\t\t\t\t<\/div>\n\t\t\t\t<\/div>\n\t\t<div class=\"elementor-element elementor-element-72ff4dc7 e-con-full e-flex e-con e-child\" data-id=\"72ff4dc7\" data-element_type=\"container\">\n\t\t<div class=\"elementor-element elementor-element-552d1462 e-con-full e-flex e-con e-child\" data-id=\"552d1462\" data-element_type=\"container\">\n\t\t\t\t<div class=\"elementor-element elementor-element-1fbe7d53 elementor-widget__width-inherit elementor-widget-divider--view-line elementor-widget elementor-widget-divider\" data-id=\"1fbe7d53\" data-element_type=\"widget\" data-widget_type=\"divider.default\">\n\t\t\t\t<div class=\"elementor-widget-container\">\n\t\t\t\t\t\t\t<div class=\"elementor-divider\">\n\t\t\t<span class=\"elementor-divider-separator\">\n\t\t\t\t\t\t<\/span>\n\t\t<\/div>\n\t\t\t\t\t\t<\/div>\n\t\t\t\t<\/div>\n\t\t\t\t<div class=\"elementor-element elementor-element-2105bada elementor-widget elementor-widget-heading\" data-id=\"2105bada\" data-element_type=\"widget\" data-widget_type=\"heading.default\">\n\t\t\t\t<div class=\"elementor-widget-container\">\n\t\t\t\t\t<h3 class=\"elementor-heading-title elementor-size-default\">Direcci\u00f3n<\/h3>\t\t\t\t<\/div>\n\t\t\t\t<\/div>\n\t\t\t\t<div class=\"elementor-element elementor-element-37863416 elementor-align-center elementor-icon-list--layout-traditional elementor-list-item-link-full_width elementor-widget elementor-widget-icon-list\" data-id=\"37863416\" data-element_type=\"widget\" data-widget_type=\"icon-list.default\">\n\t\t\t\t<div class=\"elementor-widget-container\">\n\t\t\t\t\t\t\t<ul class=\"elementor-icon-list-items\">\n\t\t\t\t\t\t\t<li class=\"elementor-icon-list-item\">\n\t\t\t\t\t\t\t\t\t\t\t<a href=\"https:\/\/www.google.com\/maps\/place\/Buen+Surf+School\/@28.1237279,-15.4640566,14.11z\/data=!4m12!1m6!3m5!1s0x0:0x6fd70f4ddd56e9e7!2sBuen+Surf+School!8m2!3d28.1294369!4d-15.4462455!3m4!1s0x0:0x6fd70f4ddd56e9e7!8m2!3d28.1294369!4d-15.4462455\" target=\"_blank\">\n\n\t\t\t\t\t\t\t\t\t\t\t\t<span class=\"elementor-icon-list-icon\">\n\t\t\t\t\t\t\t<i aria-hidden=\"true\" class=\"fas fa-map-marker-alt\"><\/i>\t\t\t\t\t\t<\/span>\n\t\t\t\t\t\t\t\t\t\t<span class=\"elementor-icon-list-text\"><b>Calle Covadonga 25, 35010 <br>Las Palmas de Gran Canaria<\/b><\/span>\n\t\t\t\t\t\t\t\t\t\t\t<\/a>\n\t\t\t\t\t\t\t\t\t<\/li>\n\t\t\t\t\t\t<\/ul>\n\t\t\t\t\t\t<\/div>\n\t\t\t\t<\/div>\n\t\t\t\t<\/div>\n\t\t<div class=\"elementor-element elementor-element-618c323b e-con-full e-flex e-con e-child\" data-id=\"618c323b\" data-element_type=\"container\">\n\t\t\t\t<div class=\"elementor-element elementor-element-4f836321 elementor-widget__width-inherit elementor-widget-divider--view-line elementor-widget elementor-widget-divider\" data-id=\"4f836321\" data-element_type=\"widget\" data-widget_type=\"divider.default\">\n\t\t\t\t<div class=\"elementor-widget-container\">\n\t\t\t\t\t\t\t<div class=\"elementor-divider\">\n\t\t\t<span class=\"elementor-divider-separator\">\n\t\t\t\t\t\t<\/span>\n\t\t<\/div>\n\t\t\t\t\t\t<\/div>\n\t\t\t\t<\/div>\n\t\t\t\t<div class=\"elementor-element elementor-element-156c23fd elementor-widget elementor-widget-heading\" data-id=\"156c23fd\" data-element_type=\"widget\" data-widget_type=\"heading.default\">\n\t\t\t\t<div class=\"elementor-widget-container\">\n\t\t\t\t\t<h3 class=\"elementor-heading-title elementor-size-default\">Ponte en contacto<\/h3>\t\t\t\t<\/div>\n\t\t\t\t<\/div>\n\t\t\t\t<div class=\"elementor-element elementor-element-cf8c4ed elementor-align-center elementor-icon-list--layout-traditional elementor-list-item-link-full_width elementor-widget elementor-widget-icon-list\" data-id=\"cf8c4ed\" data-element_type=\"widget\" data-widget_type=\"icon-list.default\">\n\t\t\t\t<div class=\"elementor-widget-container\">\n\t\t\t\t\t\t\t<ul class=\"elementor-icon-list-items\">\n\t\t\t\t\t\t\t<li class=\"elementor-icon-list-item\">\n\t\t\t\t\t\t\t\t\t\t\t<a href=\"tel:+34637629812\" target=\"_blank\">\n\n\t\t\t\t\t\t\t\t\t\t\t\t<span class=\"elementor-icon-list-icon\">\n\t\t\t\t\t\t\t<i aria-hidden=\"true\" class=\"fas fa-phone-alt\"><\/i>\t\t\t\t\t\t<\/span>\n\t\t\t\t\t\t\t\t\t\t<span class=\"elementor-icon-list-text\"><b>+34 637 629 812<\/b><\/span>\n\t\t\t\t\t\t\t\t\t\t\t<\/a>\n\t\t\t\t\t\t\t\t\t<\/li>\n\t\t\t\t\t\t<\/ul>\n\t\t\t\t\t\t<\/div>\n\t\t\t\t<\/div>\n\t\t\t\t<div class=\"elementor-element elementor-element-17b48f94 elementor-align-center elementor-icon-list--layout-inline elementor-list-item-link-full_width elementor-widget elementor-widget-icon-list\" data-id=\"17b48f94\" data-element_type=\"widget\" data-widget_type=\"icon-list.default\">\n\t\t\t\t<div class=\"elementor-widget-container\">\n\t\t\t\t\t\t\t<ul class=\"elementor-icon-list-items elementor-inline-items\">\n\t\t\t\t\t\t\t<li class=\"elementor-icon-list-item elementor-inline-item\">\n\t\t\t\t\t\t\t\t\t\t\t<a href=\"https:\/\/www.facebook.com\/buensurfschool\" target=\"_blank\">\n\n\t\t\t\t\t\t\t\t\t\t\t\t<span class=\"elementor-icon-list-icon\">\n\t\t\t\t\t\t\t<i aria-hidden=\"true\" class=\"fab fa-facebook\"><\/i>\t\t\t\t\t\t<\/span>\n\t\t\t\t\t\t\t\t\t\t<span class=\"elementor-icon-list-text\"><\/span>\n\t\t\t\t\t\t\t\t\t\t\t<\/a>\n\t\t\t\t\t\t\t\t\t<\/li>\n\t\t\t\t\t\t\t\t<li class=\"elementor-icon-list-item elementor-inline-item\">\n\t\t\t\t\t\t\t\t\t\t\t<a href=\"https:\/\/www.instagram.com\/buensurfschool\" target=\"_blank\">\n\n\t\t\t\t\t\t\t\t\t\t\t\t<span class=\"elementor-icon-list-icon\">\n\t\t\t\t\t\t\t<i aria-hidden=\"true\" class=\"fab fa-instagram\"><\/i>\t\t\t\t\t\t<\/span>\n\t\t\t\t\t\t\t\t\t\t<span class=\"elementor-icon-list-text\"><\/span>\n\t\t\t\t\t\t\t\t\t\t\t<\/a>\n\t\t\t\t\t\t\t\t\t<\/li>\n\t\t\t\t\t\t\t\t<li class=\"elementor-icon-list-item elementor-inline-item\">\n\t\t\t\t\t\t\t\t\t\t\t<a href=\"https:\/\/walink.co\/188662\" target=\"_blank\">\n\n\t\t\t\t\t\t\t\t\t\t\t\t<span class=\"elementor-icon-list-icon\">\n\t\t\t\t\t\t\t<i aria-hidden=\"true\" class=\"fab fa-whatsapp\"><\/i>\t\t\t\t\t\t<\/span>\n\t\t\t\t\t\t\t\t\t\t<span class=\"elementor-icon-list-text\"><\/span>\n\t\t\t\t\t\t\t\t\t\t\t<\/a>\n\t\t\t\t\t\t\t\t\t<\/li>\n\t\t\t\t\t\t<\/ul>\n\t\t\t\t\t\t<\/div>\n\t\t\t\t<\/div>\n\t\t\t\t<div class=\"elementor-element elementor-element-36d486d elementor-fixed elementor-invisible elementor-widget elementor-widget-image\" data-id=\"36d486d\" data-element_type=\"widget\" data-settings=\"{&quot;_position&quot;:&quot;fixed&quot;,&quot;_animation&quot;:&quot;wobble&quot;}\" data-widget_type=\"image.default\">\n\t\t\t\t<div class=\"elementor-widget-container\">\n\t\t\t\t\t\t\t\t\t\t\t\t\t\t\t\t<a href=\"https:\/\/walink.co\/188662\">\n\t\t\t\t\t\t\t<img decoding=\"async\" width=\"497\" height=\"502\" src=\"https:\/\/buen.surf\/wp-content\/uploads\/2022\/06\/whatsapp.png\" class=\"attachment-large size-large wp-image-121\" alt=\"\" srcset=\"https:\/\/buen.surf\/wp-content\/uploads\/2022\/06\/whatsapp.png 497w, https:\/\/buen.surf\/wp-content\/uploads\/2022\/06\/whatsapp-297x300.png 297w\" sizes=\"(max-width: 497px) 100vw, 497px\" \/>\t\t\t\t\t\t\t\t<\/a>\n\t\t\t\t\t\t\t\t\t\t\t\t\t\t\t<\/div>\n\t\t\t\t<\/div>\n\t\t\t\t<\/div>\n\t\t<div class=\"elementor-element elementor-element-5d2306d0 e-con-full e-flex e-con e-child\" data-id=\"5d2306d0\" data-element_type=\"container\">\n\t\t\t\t<div class=\"elementor-element elementor-element-20ebfaf elementor-widget__width-inherit elementor-widget-divider--view-line elementor-widget elementor-widget-divider\" data-id=\"20ebfaf\" data-element_type=\"widget\" data-widget_type=\"divider.default\">\n\t\t\t\t<div class=\"elementor-widget-container\">\n\t\t\t\t\t\t\t<div class=\"elementor-divider\">\n\t\t\t<span class=\"elementor-divider-separator\">\n\t\t\t\t\t\t<\/span>\n\t\t<\/div>\n\t\t\t\t\t\t<\/div>\n\t\t\t\t<\/div>\n\t\t\t\t<div class=\"elementor-element elementor-element-59d0db06 elementor-widget elementor-widget-heading\" data-id=\"59d0db06\" data-element_type=\"widget\" data-widget_type=\"heading.default\">\n\t\t\t\t<div class=\"elementor-widget-container\">\n\t\t\t\t\t<h3 class=\"elementor-heading-title elementor-size-default\">Horario<\/h3>\t\t\t\t<\/div>\n\t\t\t\t<\/div>\n\t\t\t\t<div class=\"elementor-element elementor-element-6ed3c18d elementor-align-center elementor-icon-list--layout-traditional elementor-list-item-link-full_width elementor-widget elementor-widget-icon-list\" data-id=\"6ed3c18d\" data-element_type=\"widget\" data-widget_type=\"icon-list.default\">\n\t\t\t\t<div class=\"elementor-widget-container\">\n\t\t\t\t\t\t\t<ul class=\"elementor-icon-list-items\">\n\t\t\t\t\t\t\t<li class=\"elementor-icon-list-item\">\n\t\t\t\t\t\t\t\t\t\t<span class=\"elementor-icon-list-text\"><b>Lunes - Domingo : 9:00 - 21:00<\/b><\/span>\n\t\t\t\t\t\t\t\t\t<\/li>\n\t\t\t\t\t\t\t\t<li class=\"elementor-icon-list-item\">\n\t\t\t\t\t\t\t\t\t\t<span class=\"elementor-icon-list-text\"><\/span>\n\t\t\t\t\t\t\t\t\t<\/li>\n\t\t\t\t\t\t<\/ul>\n\t\t\t\t\t\t<\/div>\n\t\t\t\t<\/div>\n\t\t\t\t<\/div>\n\t\t\t\t<\/div>\n\t\t\t\t\t<\/div>\n\t\t\t\t<\/div>\n\t\t\t\t\t<\/div>\n\t\t\t\t<\/div>\n\t\t\t\t<\/div>","protected":false},"excerpt":{"rendered":"<p>Pol\u00edtica de Compras y Cancelaciones Pol\u00edTica de ComPRas y cancelaciones BUEN SURF SCHOOL Antes de realizar su reserva, le informamos que la escuela no realiza devoluciones bajo ning\u00fan concepto.En caso de que la clase no pueda llevarse a cabo por condiciones del mar peligrosas y la escuela decida cancelarla por seguridad, se emitir\u00e1 un bono [&hellip;]<\/p>","protected":false},"author":1,"featured_media":0,"parent":0,"menu_order":0,"comment_status":"closed","ping_status":"closed","template":"elementor_header_footer","meta":{"_monsterinsights_skip_tracking":false,"_monsterinsights_sitenote_active":false,"_monsterinsights_sitenote_note":"","_monsterinsights_sitenote_category":0,"footnotes":""},"class_list":["post-3901","page","type-page","status-publish","hentry"],"yoast_head":"<!-- This site is optimized with the Yoast SEO plugin v26.5 - https:\/\/yoast.com\/wordpress\/plugins\/seo\/ -->\n<title>Politica de Compras y Cancelaciones - BUEN SURF SCHOOL<\/title>\n<meta name=\"robots\" content=\"index, follow, max-snippet:-1, max-image-preview:large, max-video-preview:-1\" \/>\n<link rel=\"canonical\" href=\"https:\/\/buen.surf\/es\/politica-de-compras-y-cancelaciones\/\" \/>\n<meta property=\"og:locale\" content=\"es_ES\" \/>\n<meta property=\"og:type\" content=\"article\" \/>\n<meta property=\"og:title\" content=\"Politica de Compras y Cancelaciones - BUEN SURF SCHOOL\" \/>\n<meta property=\"og:description\" content=\"Pol\u00edtica de Compras y Cancelaciones Pol\u00edTica de ComPRas y cancelaciones BUEN SURF SCHOOL Antes de realizar su reserva, le informamos que la escuela no realiza devoluciones bajo ning\u00fan concepto.En caso de que la clase no pueda llevarse a cabo por condiciones del mar peligrosas y la escuela decida cancelarla por seguridad, se emitir\u00e1 un bono [&hellip;]\" \/>\n<meta property=\"og:url\" content=\"https:\/\/buen.surf\/es\/politica-de-compras-y-cancelaciones\/\" \/>\n<meta property=\"og:site_name\" content=\"BUEN SURF SCHOOL\" \/>\n<meta property=\"article:modified_time\" content=\"2026-04-13T18:17:26+00:00\" \/>\n<meta property=\"og:image\" content=\"https:\/\/buen.surf\/wp-content\/uploads\/2022\/06\/BUEN-SURF-1-e1749480951992.png\" \/>\n\t<meta property=\"og:image:width\" content=\"501\" \/>\n\t<meta property=\"og:image:height\" content=\"319\" \/>\n\t<meta property=\"og:image:type\" content=\"image\/png\" \/>\n<meta name=\"twitter:card\" content=\"summary_large_image\" \/>\n<meta name=\"twitter:label1\" content=\"Tiempo de lectura\" \/>\n\t<meta name=\"twitter:data1\" content=\"2 minutos\" \/>\n<script type=\"application\/ld+json\" class=\"yoast-schema-graph\">{\"@context\":\"https:\/\/schema.org\",\"@graph\":[{\"@type\":\"WebPage\",\"@id\":\"https:\/\/buen.surf\/politica-de-compras-y-cancelaciones\",\"url\":\"https:\/\/buen.surf\/politica-de-compras-y-cancelaciones\",\"name\":\"Politica de Compras y Cancelaciones - BUEN SURF SCHOOL\",\"isPartOf\":{\"@id\":\"https:\/\/buen.surf\/#website\"},\"primaryImageOfPage\":{\"@id\":\"https:\/\/buen.surf\/politica-de-compras-y-cancelaciones#primaryimage\"},\"image\":{\"@id\":\"https:\/\/buen.surf\/politica-de-compras-y-cancelaciones#primaryimage\"},\"thumbnailUrl\":\"https:\/\/buen.surf\/wp-content\/uploads\/2022\/06\/BUEN-SURF-1-e1749480951992.png\",\"datePublished\":\"2025-12-22T17:37:49+00:00\",\"dateModified\":\"2026-04-13T18:17:26+00:00\",\"breadcrumb\":{\"@id\":\"https:\/\/buen.surf\/politica-de-compras-y-cancelaciones#breadcrumb\"},\"inLanguage\":\"es\",\"potentialAction\":[{\"@type\":\"ReadAction\",\"target\":[\"https:\/\/buen.surf\/politica-de-compras-y-cancelaciones\"]}]},{\"@type\":\"ImageObject\",\"inLanguage\":\"es\",\"@id\":\"https:\/\/buen.surf\/politica-de-compras-y-cancelaciones#primaryimage\",\"url\":\"https:\/\/buen.surf\/wp-content\/uploads\/2022\/06\/BUEN-SURF-1-e1749480951992.png\",\"contentUrl\":\"https:\/\/buen.surf\/wp-content\/uploads\/2022\/06\/BUEN-SURF-1-e1749480951992.png\"},{\"@type\":\"BreadcrumbList\",\"@id\":\"https:\/\/buen.surf\/politica-de-compras-y-cancelaciones#breadcrumb\",\"itemListElement\":[{\"@type\":\"ListItem\",\"position\":1,\"name\":\"Portada\",\"item\":\"https:\/\/buen.surf\/\"},{\"@type\":\"ListItem\",\"position\":2,\"name\":\"Politica de Compras y Cancelaciones\"}]},{\"@type\":\"WebSite\",\"@id\":\"https:\/\/buen.surf\/#website\",\"url\":\"https:\/\/buen.surf\/\",\"name\":\"BUEN SURF SCHOOL\",\"description\":\"Las Palmas de Gran Canaria\",\"publisher\":{\"@id\":\"https:\/\/buen.surf\/#organization\"},\"potentialAction\":[{\"@type\":\"SearchAction\",\"target\":{\"@type\":\"EntryPoint\",\"urlTemplate\":\"https:\/\/buen.surf\/?s={search_term_string}\"},\"query-input\":{\"@type\":\"PropertyValueSpecification\",\"valueRequired\":true,\"valueName\":\"search_term_string\"}}],\"inLanguage\":\"es\"},{\"@type\":\"Organization\",\"@id\":\"https:\/\/buen.surf\/#organization\",\"name\":\"BUEN SURF SCHOOL\",\"url\":\"https:\/\/buen.surf\/\",\"logo\":{\"@type\":\"ImageObject\",\"inLanguage\":\"es\",\"@id\":\"https:\/\/buen.surf\/#\/schema\/logo\/image\/\",\"url\":\"https:\/\/buen.surf\/wp-content\/uploads\/2022\/08\/BUEN-SURF.png\",\"contentUrl\":\"https:\/\/buen.surf\/wp-content\/uploads\/2022\/08\/BUEN-SURF.png\",\"width\":501,\"height\":417,\"caption\":\"BUEN SURF SCHOOL\"},\"image\":{\"@id\":\"https:\/\/buen.surf\/#\/schema\/logo\/image\/\"}}]}<\/script>\n<!-- \/ Yoast SEO plugin. -->","yoast_head_json":{"title":"Politica de Compras y Cancelaciones - BUEN SURF SCHOOL","robots":{"index":"index","follow":"follow","max-snippet":"max-snippet:-1","max-image-preview":"max-image-preview:large","max-video-preview":"max-video-preview:-1"},"canonical":"https:\/\/buen.surf\/es\/politica-de-compras-y-cancelaciones\/","og_locale":"es_ES","og_type":"article","og_title":"Politica de Compras y Cancelaciones - BUEN SURF SCHOOL","og_description":"Pol\u00edtica de Compras y Cancelaciones Pol\u00edTica de ComPRas y cancelaciones BUEN SURF SCHOOL Antes de realizar su reserva, le informamos que la escuela no realiza devoluciones bajo ning\u00fan concepto.En caso de que la clase no pueda llevarse a cabo por condiciones del mar peligrosas y la escuela decida cancelarla por seguridad, se emitir\u00e1 un bono [&hellip;]","og_url":"https:\/\/buen.surf\/es\/politica-de-compras-y-cancelaciones\/","og_site_name":"BUEN SURF SCHOOL","article_modified_time":"2026-04-13T18:17:26+00:00","og_image":[{"width":501,"height":319,"url":"https:\/\/buen.surf\/wp-content\/uploads\/2022\/06\/BUEN-SURF-1-e1749480951992.png","type":"image\/png"}],"twitter_card":"summary_large_image","twitter_misc":{"Tiempo de lectura":"2 minutos"},"schema":{"@context":"https:\/\/schema.org","@graph":[{"@type":"WebPage","@id":"https:\/\/buen.surf\/politica-de-compras-y-cancelaciones","url":"https:\/\/buen.surf\/politica-de-compras-y-cancelaciones","name":"Politica de Compras y Cancelaciones - BUEN SURF SCHOOL","isPartOf":{"@id":"https:\/\/buen.surf\/#website"},"primaryImageOfPage":{"@id":"https:\/\/buen.surf\/politica-de-compras-y-cancelaciones#primaryimage"},"image":{"@id":"https:\/\/buen.surf\/politica-de-compras-y-cancelaciones#primaryimage"},"thumbnailUrl":"https:\/\/buen.surf\/wp-content\/uploads\/2022\/06\/BUEN-SURF-1-e1749480951992.png","datePublished":"2025-12-22T17:37:49+00:00","dateModified":"2026-04-13T18:17:26+00:00","breadcrumb":{"@id":"https:\/\/buen.surf\/politica-de-compras-y-cancelaciones#breadcrumb"},"inLanguage":"es","potentialAction":[{"@type":"ReadAction","target":["https:\/\/buen.surf\/politica-de-compras-y-cancelaciones"]}]},{"@type":"ImageObject","inLanguage":"es","@id":"https:\/\/buen.surf\/politica-de-compras-y-cancelaciones#primaryimage","url":"https:\/\/buen.surf\/wp-content\/uploads\/2022\/06\/BUEN-SURF-1-e1749480951992.png","contentUrl":"https:\/\/buen.surf\/wp-content\/uploads\/2022\/06\/BUEN-SURF-1-e1749480951992.png"},{"@type":"BreadcrumbList","@id":"https:\/\/buen.surf\/politica-de-compras-y-cancelaciones#breadcrumb","itemListElement":[{"@type":"ListItem","position":1,"name":"Portada","item":"https:\/\/buen.surf\/"},{"@type":"ListItem","position":2,"name":"Politica de Compras y Cancelaciones"}]},{"@type":"WebSite","@id":"https:\/\/buen.surf\/#website","url":"https:\/\/buen.surf\/","name":"BUEN SURF SCHOOL","description":"Las Palmas de Gran Canaria","publisher":{"@id":"https:\/\/buen.surf\/#organization"},"potentialAction":[{"@type":"SearchAction","target":{"@type":"EntryPoint","urlTemplate":"https:\/\/buen.surf\/?s={search_term_string}"},"query-input":{"@type":"PropertyValueSpecification","valueRequired":true,"valueName":"search_term_string"}}],"inLanguage":"es"},{"@type":"Organization","@id":"https:\/\/buen.surf\/#organization","name":"BUEN SURF SCHOOL","url":"https:\/\/buen.surf\/","logo":{"@type":"ImageObject","inLanguage":"es","@id":"https:\/\/buen.surf\/#\/schema\/logo\/image\/","url":"https:\/\/buen.surf\/wp-content\/uploads\/2022\/08\/BUEN-SURF.png","contentUrl":"https:\/\/buen.surf\/wp-content\/uploads\/2022\/08\/BUEN-SURF.png","width":501,"height":417,"caption":"BUEN SURF SCHOOL"},"image":{"@id":"https:\/\/buen.surf\/#\/schema\/logo\/image\/"}}]}},"_links":{"self":[{"href":"https:\/\/buen.surf\/es\/wp-json\/wp\/v2\/pages\/3901","targetHints":{"allow":["GET"]}}],"collection":[{"href":"https:\/\/buen.surf\/es\/wp-json\/wp\/v2\/pages"}],"about":[{"href":"https:\/\/buen.surf\/es\/wp-json\/wp\/v2\/types\/page"}],"author":[{"embeddable":true,"href":"https:\/\/buen.surf\/es\/wp-json\/wp\/v2\/users\/1"}],"replies":[{"embeddable":true,"href":"https:\/\/buen.surf\/es\/wp-json\/wp\/v2\/comments?post=3901"}],"version-history":[{"count":19,"href":"https:\/\/buen.surf\/es\/wp-json\/wp\/v2\/pages\/3901\/revisions"}],"predecessor-version":[{"id":3998,"href":"https:\/\/buen.surf\/es\/wp-json\/wp\/v2\/pages\/3901\/revisions\/3998"}],"wp:attachment":[{"href":"https:\/\/buen.surf\/es\/wp-json\/wp\/v2\/media?parent=3901"}],"curies":[{"name":"wp","href":"https:\/\/api.w.org\/{rel}","templated":true}]}}